{"id":32,"date":"2017-11-20T11:44:16","date_gmt":"2017-11-20T11:44:16","guid":{"rendered":"http:\/\/stoll-kusterdingen.de\/HM_WP\/wordpress\/?page_id=32"},"modified":"2018-03-13T18:34:18","modified_gmt":"2018-03-13T17:34:18","slug":"home","status":"publish","type":"page","link":"https:\/\/stoll-kusterdingen.de\/HM_WP\/wordpress\/","title":{"rendered":"Home"},"content":{"rendered":"<p>Hallo allerseits, willkommen auf der Homepage von \u00bbHorse Mountain\u00ab. Wir sind ein Duo, das akustische Country Music, Americana, Singer-Songwriter und gelegentlich auch etwas Pop und deutsch-amerikanische Schlager singt und spielt.<\/p>\n<p><em>Auf dieser Seite werden nur die f\u00fcnf n\u00e4chsten Auftritte angezeigt. Zur Ansicht aller kommenden (und einiger vergangenen) Auftritte bitte aus dem Hauptmen\u00fc den Punkt \u00bbAuftritte\/Gigs\u00ab anw\u00e4hlen!<\/em><\/p>\n","protected":false},"excerpt":{"rendered":"<p>Hallo allerseits, willkommen auf der Homepage von \u00bbHorse Mountain\u00ab. Wir sind ein Duo, das akustische Country Music, Americana, Singer-Songwriter und gelegentlich auch etwas Pop und deutsch-amerikanische Schlager singt und spielt. Auf dieser Seite werden nur die f\u00fcnf n\u00e4chsten Auftritte angezeigt. Zur Ansicht aller kommenden (und einiger vergangenen) Auftritte bitte aus dem Hauptmen\u00fc den Punkt \u00bbAuftritte\/Gigs\u00ab [&hellip;]<\/p>\n","protected":false},"author":1,"featured_media":0,"parent":0,"menu_order":0,"comment_status":"closed","ping_status":"closed","template":"","meta":{"footnotes":""},"class_list":["post-32","page","type-page","status-publish","hentry"],"_links":{"self":[{"href":"https:\/\/stoll-kusterdingen.de\/HM_WP\/wordpress\/wp-json\/wp\/v2\/pages\/32","targetHints":{"allow":["GET"]}}],"collection":[{"href":"https:\/\/stoll-kusterdingen.de\/HM_WP\/wordpress\/wp-json\/wp\/v2\/pages"}],"about":[{"href":"https:\/\/stoll-kusterdingen.de\/HM_WP\/wordpress\/wp-json\/wp\/v2\/types\/page"}],"author":[{"embeddable":true,"href":"https:\/\/stoll-kusterdingen.de\/HM_WP\/wordpress\/wp-json\/wp\/v2\/users\/1"}],"replies":[{"embeddable":true,"href":"https:\/\/stoll-kusterdingen.de\/HM_WP\/wordpress\/wp-json\/wp\/v2\/comments?post=32"}],"version-history":[{"count":4,"href":"https:\/\/stoll-kusterdingen.de\/HM_WP\/wordpress\/wp-json\/wp\/v2\/pages\/32\/revisions"}],"predecessor-version":[{"id":474,"href":"https:\/\/stoll-kusterdingen.de\/HM_WP\/wordpress\/wp-json\/wp\/v2\/pages\/32\/revisions\/474"}],"wp:attachment":[{"href":"https:\/\/stoll-kusterdingen.de\/HM_WP\/wordpress\/wp-json\/wp\/v2\/media?parent=32"}],"curies":[{"name":"wp","href":"https:\/\/api.w.org\/{rel}","templated":true}]}}