{"id":375,"date":"2017-11-22T15:05:14","date_gmt":"2017-11-22T14:05:14","guid":{"rendered":"http:\/\/stoll-kusterdingen.de\/HM_WP\/wordpress\/?page_id=375"},"modified":"2021-06-22T10:53:49","modified_gmt":"2021-06-22T09:53:49","slug":"presseausschnitte-press-clippings","status":"publish","type":"page","link":"https:\/\/stoll-kusterdingen.de\/HM_WP\/wordpress\/presseausschnitte-press-clippings\/","title":{"rendered":"Presseausschnitte \/ Press clippings"},"content":{"rendered":"<h2>Die Bildchen lassen sich durch Anklicken vergr\u00f6\u00dfern!<\/h2>\n<p><a href=\"https:\/\/stoll-kusterdingen.de\/HM_WP\/wordpress\/wp-content\/uploads\/2021\/06\/2021-06-09_Tagblatt-Anzeiger.jpg\"><img loading=\"lazy\" decoding=\"async\" class=\"alignnone size-large wp-image-873\" src=\"https:\/\/stoll-kusterdingen.de\/HM_WP\/wordpress\/wp-content\/uploads\/2021\/06\/2021-06-09_Tagblatt-Anzeiger-1024x981.jpg\" alt=\"\" width=\"720\" height=\"690\" srcset=\"https:\/\/stoll-kusterdingen.de\/HM_WP\/wordpress\/wp-content\/uploads\/2021\/06\/2021-06-09_Tagblatt-Anzeiger-1024x981.jpg 1024w, https:\/\/stoll-kusterdingen.de\/HM_WP\/wordpress\/wp-content\/uploads\/2021\/06\/2021-06-09_Tagblatt-Anzeiger-300x287.jpg 300w, https:\/\/stoll-kusterdingen.de\/HM_WP\/wordpress\/wp-content\/uploads\/2021\/06\/2021-06-09_Tagblatt-Anzeiger-768x736.jpg 768w, https:\/\/stoll-kusterdingen.de\/HM_WP\/wordpress\/wp-content\/uploads\/2021\/06\/2021-06-09_Tagblatt-Anzeiger-640x613.jpg 640w, https:\/\/stoll-kusterdingen.de\/HM_WP\/wordpress\/wp-content\/uploads\/2021\/06\/2021-06-09_Tagblatt-Anzeiger.jpg 1047w\" sizes=\"auto, (max-width: 720px) 100vw, 720px\" \/><\/a><\/p>\n<p>2021-06-09: Tagblatt-Anzeiger T\u00fcbingen, &#8222;Kultur auf dem Quartiersplatz&#8220;<\/p>\n<p><a href=\"https:\/\/stoll-kusterdingen.de\/HM_WP\/wordpress\/wp-content\/uploads\/2020\/08\/2020-09-01_Albbote.jpg\"><img loading=\"lazy\" decoding=\"async\" class=\"alignnone size-large wp-image-828\" src=\"https:\/\/stoll-kusterdingen.de\/HM_WP\/wordpress\/wp-content\/uploads\/2020\/08\/2020-09-01_Albbote-1024x513.jpg\" alt=\"\" width=\"720\" height=\"361\" srcset=\"https:\/\/stoll-kusterdingen.de\/HM_WP\/wordpress\/wp-content\/uploads\/2020\/08\/2020-09-01_Albbote-1024x513.jpg 1024w, https:\/\/stoll-kusterdingen.de\/HM_WP\/wordpress\/wp-content\/uploads\/2020\/08\/2020-09-01_Albbote-300x150.jpg 300w, https:\/\/stoll-kusterdingen.de\/HM_WP\/wordpress\/wp-content\/uploads\/2020\/08\/2020-09-01_Albbote-768x385.jpg 768w, https:\/\/stoll-kusterdingen.de\/HM_WP\/wordpress\/wp-content\/uploads\/2020\/08\/2020-09-01_Albbote-1536x769.jpg 1536w, https:\/\/stoll-kusterdingen.de\/HM_WP\/wordpress\/wp-content\/uploads\/2020\/08\/2020-09-01_Albbote-640x321.jpg 640w, https:\/\/stoll-kusterdingen.de\/HM_WP\/wordpress\/wp-content\/uploads\/2020\/08\/2020-09-01_Albbote.jpg 1633w\" sizes=\"auto, (max-width: 720px) 100vw, 720px\" \/><\/a><\/p>\n<p>2020-09-01: Albbote M\u00fcnsingen, Auftaktveranstaltung zu &#8222;kleinKunst im Albgut&#8220;<\/p>\n<p><a href=\"https:\/\/stoll-kusterdingen.de\/HM_WP\/wordpress\/wp-content\/uploads\/2019\/11\/2019-11-18_LKZ_OpenStage.jpg\"><img loading=\"lazy\" decoding=\"async\" class=\"alignnone size-large wp-image-767\" src=\"https:\/\/stoll-kusterdingen.de\/HM_WP\/wordpress\/wp-content\/uploads\/2019\/11\/2019-11-18_LKZ_OpenStage-1024x567.jpg\" alt=\"\" width=\"720\" height=\"399\" srcset=\"https:\/\/stoll-kusterdingen.de\/HM_WP\/wordpress\/wp-content\/uploads\/2019\/11\/2019-11-18_LKZ_OpenStage-1024x567.jpg 1024w, https:\/\/stoll-kusterdingen.de\/HM_WP\/wordpress\/wp-content\/uploads\/2019\/11\/2019-11-18_LKZ_OpenStage-300x166.jpg 300w, https:\/\/stoll-kusterdingen.de\/HM_WP\/wordpress\/wp-content\/uploads\/2019\/11\/2019-11-18_LKZ_OpenStage-768x425.jpg 768w, https:\/\/stoll-kusterdingen.de\/HM_WP\/wordpress\/wp-content\/uploads\/2019\/11\/2019-11-18_LKZ_OpenStage-640x354.jpg 640w\" sizes=\"auto, (max-width: 720px) 100vw, 720px\" \/><\/a><\/p>\n<p>2019-11-18: Ludwigsburger Kreiszeitung (Neckar-Enz-Bote), Open Stage im Wartesaal Besigheim<\/p>\n<p><a href=\"https:\/\/stoll-kusterdingen.de\/HM_WP\/wordpress\/wp-content\/uploads\/2019\/11\/2019-11-04_GEA.jpg\"><img loading=\"lazy\" decoding=\"async\" class=\"alignnone size-large wp-image-757\" src=\"https:\/\/stoll-kusterdingen.de\/HM_WP\/wordpress\/wp-content\/uploads\/2019\/11\/2019-11-04_GEA-1024x938.jpg\" alt=\"\" width=\"720\" height=\"660\" srcset=\"https:\/\/stoll-kusterdingen.de\/HM_WP\/wordpress\/wp-content\/uploads\/2019\/11\/2019-11-04_GEA-1024x938.jpg 1024w, https:\/\/stoll-kusterdingen.de\/HM_WP\/wordpress\/wp-content\/uploads\/2019\/11\/2019-11-04_GEA-300x275.jpg 300w, https:\/\/stoll-kusterdingen.de\/HM_WP\/wordpress\/wp-content\/uploads\/2019\/11\/2019-11-04_GEA-768x703.jpg 768w, https:\/\/stoll-kusterdingen.de\/HM_WP\/wordpress\/wp-content\/uploads\/2019\/11\/2019-11-04_GEA-640x586.jpg 640w, https:\/\/stoll-kusterdingen.de\/HM_WP\/wordpress\/wp-content\/uploads\/2019\/11\/2019-11-04_GEA.jpg 2038w\" sizes=\"auto, (max-width: 720px) 100vw, 720px\" \/><\/a><\/p>\n<p>2019-11-04: Reutlinger Generalanzeiger, Programm &#8222;Cowboy Church&#8220; in der Marienkirche Kusterdingen<\/p>\n<p><a href=\"https:\/\/stoll-kusterdingen.de\/HM_WP\/wordpress\/wp-content\/uploads\/2019\/07\/2018-11-10_Schw\u00e4bische-Zeitung-Riedlingen_Texashut.jpg\"><img loading=\"lazy\" decoding=\"async\" class=\"alignnone size-medium wp-image-737\" src=\"https:\/\/stoll-kusterdingen.de\/HM_WP\/wordpress\/wp-content\/uploads\/2019\/07\/2018-11-10_Schw\u00e4bische-Zeitung-Riedlingen_Texashut-300x120.jpg\" alt=\"\" width=\"300\" height=\"120\" srcset=\"https:\/\/stoll-kusterdingen.de\/HM_WP\/wordpress\/wp-content\/uploads\/2019\/07\/2018-11-10_Schw\u00e4bische-Zeitung-Riedlingen_Texashut-300x120.jpg 300w, https:\/\/stoll-kusterdingen.de\/HM_WP\/wordpress\/wp-content\/uploads\/2019\/07\/2018-11-10_Schw\u00e4bische-Zeitung-Riedlingen_Texashut-768x308.jpg 768w, https:\/\/stoll-kusterdingen.de\/HM_WP\/wordpress\/wp-content\/uploads\/2019\/07\/2018-11-10_Schw\u00e4bische-Zeitung-Riedlingen_Texashut-1024x410.jpg 1024w, https:\/\/stoll-kusterdingen.de\/HM_WP\/wordpress\/wp-content\/uploads\/2019\/07\/2018-11-10_Schw\u00e4bische-Zeitung-Riedlingen_Texashut-640x257.jpg 640w, https:\/\/stoll-kusterdingen.de\/HM_WP\/wordpress\/wp-content\/uploads\/2019\/07\/2018-11-10_Schw\u00e4bische-Zeitung-Riedlingen_Texashut.jpg 1185w\" sizes=\"auto, (max-width: 300px) 100vw, 300px\" \/><\/a><\/p>\n<p>2018-11-10: Schw\u00e4bische Zeitung Riedlingen, Programm<br \/>\n&#8222;Mit Texashut und Nietenhosen&#8220; im ZfP Zwiefalten<\/p>\n<p><a href=\"https:\/\/stoll-kusterdingen.de\/HM_WP\/wordpress\/wp-content\/uploads\/2019\/07\/2018-10-22_GEA_Auswanderer.jpg\"><img loading=\"lazy\" decoding=\"async\" class=\"alignnone size-medium wp-image-738\" src=\"https:\/\/stoll-kusterdingen.de\/HM_WP\/wordpress\/wp-content\/uploads\/2019\/07\/2018-10-22_GEA_Auswanderer-214x300.jpg\" alt=\"\" width=\"214\" height=\"300\" srcset=\"https:\/\/stoll-kusterdingen.de\/HM_WP\/wordpress\/wp-content\/uploads\/2019\/07\/2018-10-22_GEA_Auswanderer-214x300.jpg 214w, https:\/\/stoll-kusterdingen.de\/HM_WP\/wordpress\/wp-content\/uploads\/2019\/07\/2018-10-22_GEA_Auswanderer-768x1079.jpg 768w, https:\/\/stoll-kusterdingen.de\/HM_WP\/wordpress\/wp-content\/uploads\/2019\/07\/2018-10-22_GEA_Auswanderer-729x1024.jpg 729w, https:\/\/stoll-kusterdingen.de\/HM_WP\/wordpress\/wp-content\/uploads\/2019\/07\/2018-10-22_GEA_Auswanderer-456x640.jpg 456w, https:\/\/stoll-kusterdingen.de\/HM_WP\/wordpress\/wp-content\/uploads\/2019\/07\/2018-10-22_GEA_Auswanderer.jpg 1152w\" sizes=\"auto, (max-width: 214px) 100vw, 214px\" \/><\/a><\/p>\n<p>2018-10-22: Reutlinger Generalanzeiger, Programm<br \/>\n&#8222;Jetzt ist die Zeit und Stunde da &#8211; Auswanderer und<br \/>\nihre musikalischen Spuren&#8220; in der Marienkirche<br \/>\nKusterdingen<\/p>\n<p><a href=\"https:\/\/stoll-kusterdingen.de\/HM_WP\/wordpress\/wp-content\/uploads\/2019\/07\/2018-06-04_Tagblatt_Dylan.jpg\"><img loading=\"lazy\" decoding=\"async\" class=\"alignnone size-medium wp-image-739\" src=\"https:\/\/stoll-kusterdingen.de\/HM_WP\/wordpress\/wp-content\/uploads\/2019\/07\/2018-06-04_Tagblatt_Dylan-300x114.jpg\" alt=\"\" width=\"300\" height=\"114\" srcset=\"https:\/\/stoll-kusterdingen.de\/HM_WP\/wordpress\/wp-content\/uploads\/2019\/07\/2018-06-04_Tagblatt_Dylan-300x114.jpg 300w, https:\/\/stoll-kusterdingen.de\/HM_WP\/wordpress\/wp-content\/uploads\/2019\/07\/2018-06-04_Tagblatt_Dylan-768x292.jpg 768w, https:\/\/stoll-kusterdingen.de\/HM_WP\/wordpress\/wp-content\/uploads\/2019\/07\/2018-06-04_Tagblatt_Dylan-1024x389.jpg 1024w, https:\/\/stoll-kusterdingen.de\/HM_WP\/wordpress\/wp-content\/uploads\/2019\/07\/2018-06-04_Tagblatt_Dylan-640x243.jpg 640w, https:\/\/stoll-kusterdingen.de\/HM_WP\/wordpress\/wp-content\/uploads\/2019\/07\/2018-06-04_Tagblatt_Dylan.jpg 1973w\" sizes=\"auto, (max-width: 300px) 100vw, 300px\" \/><\/a><\/p>\n<p>2018-06-04: Schw\u00e4bisches Tagblatt, Dylan-Programm<br \/>\nbei &#8222;Kultur an den Quellen&#8220; in M\u00f6ssingen-B\u00e4stenhardt<\/p>\n<p><a href=\"https:\/\/stoll-kusterdingen.de\/HM_WP\/wordpress\/wp-content\/uploads\/2019\/07\/2018-04-27_KreiszeitungBoeblingerBote_DylanVernissage.jpg\"><img loading=\"lazy\" decoding=\"async\" class=\"alignnone size-medium wp-image-740\" src=\"https:\/\/stoll-kusterdingen.de\/HM_WP\/wordpress\/wp-content\/uploads\/2019\/07\/2018-04-27_KreiszeitungBoeblingerBote_DylanVernissage-300x144.jpg\" alt=\"\" width=\"300\" height=\"144\" srcset=\"https:\/\/stoll-kusterdingen.de\/HM_WP\/wordpress\/wp-content\/uploads\/2019\/07\/2018-04-27_KreiszeitungBoeblingerBote_DylanVernissage-300x144.jpg 300w, https:\/\/stoll-kusterdingen.de\/HM_WP\/wordpress\/wp-content\/uploads\/2019\/07\/2018-04-27_KreiszeitungBoeblingerBote_DylanVernissage-768x368.jpg 768w, https:\/\/stoll-kusterdingen.de\/HM_WP\/wordpress\/wp-content\/uploads\/2019\/07\/2018-04-27_KreiszeitungBoeblingerBote_DylanVernissage-1024x491.jpg 1024w, https:\/\/stoll-kusterdingen.de\/HM_WP\/wordpress\/wp-content\/uploads\/2019\/07\/2018-04-27_KreiszeitungBoeblingerBote_DylanVernissage-640x307.jpg 640w, https:\/\/stoll-kusterdingen.de\/HM_WP\/wordpress\/wp-content\/uploads\/2019\/07\/2018-04-27_KreiszeitungBoeblingerBote_DylanVernissage-720x345.jpg 720w, https:\/\/stoll-kusterdingen.de\/HM_WP\/wordpress\/wp-content\/uploads\/2019\/07\/2018-04-27_KreiszeitungBoeblingerBote_DylanVernissage.jpg 1958w\" sizes=\"auto, (max-width: 300px) 100vw, 300px\" \/><\/a><\/p>\n<p>2018-04-27: B\u00f6blinger Kreiszeitung, Dylan-Vernissage<br \/>\nin der St\u00e4dtischen Galerie Sindelfingen<\/p>\n<p><a href=\"https:\/\/stoll-kusterdingen.de\/HM_WP\/wordpress\/wp-content\/uploads\/2019\/07\/2017-11-13_G\u00e4ubote-1.jpg\"><img loading=\"lazy\" decoding=\"async\" class=\"alignnone size-medium wp-image-736\" src=\"https:\/\/stoll-kusterdingen.de\/HM_WP\/wordpress\/wp-content\/uploads\/2019\/07\/2017-11-13_G\u00e4ubote-1-283x300.jpg\" alt=\"\" width=\"283\" height=\"300\" srcset=\"https:\/\/stoll-kusterdingen.de\/HM_WP\/wordpress\/wp-content\/uploads\/2019\/07\/2017-11-13_G\u00e4ubote-1-283x300.jpg 283w, https:\/\/stoll-kusterdingen.de\/HM_WP\/wordpress\/wp-content\/uploads\/2019\/07\/2017-11-13_G\u00e4ubote-1-768x815.jpg 768w, https:\/\/stoll-kusterdingen.de\/HM_WP\/wordpress\/wp-content\/uploads\/2019\/07\/2017-11-13_G\u00e4ubote-1-966x1024.jpg 966w, https:\/\/stoll-kusterdingen.de\/HM_WP\/wordpress\/wp-content\/uploads\/2019\/07\/2017-11-13_G\u00e4ubote-1-603x640.jpg 603w, https:\/\/stoll-kusterdingen.de\/HM_WP\/wordpress\/wp-content\/uploads\/2019\/07\/2017-11-13_G\u00e4ubote-1.jpg 1800w\" sizes=\"auto, (max-width: 283px) 100vw, 283px\" \/><\/a><\/p>\n<p>2017-11-13: G\u00e4ubote, Bericht \u00fcber Craft Beer Tasting<br \/>\nmit Musik von Horse Mountain<\/p>\n<p><a href=\"https:\/\/stoll-kusterdingen.de\/HM_WP\/wordpress\/wp-content\/uploads\/2019\/07\/2017-09-19_HohenloherZeitung.jpg\"><img loading=\"lazy\" decoding=\"async\" class=\"alignnone size-medium wp-image-731\" src=\"https:\/\/stoll-kusterdingen.de\/HM_WP\/wordpress\/wp-content\/uploads\/2019\/07\/2017-09-19_HohenloherZeitung-300x236.jpg\" alt=\"\" width=\"300\" height=\"236\" srcset=\"https:\/\/stoll-kusterdingen.de\/HM_WP\/wordpress\/wp-content\/uploads\/2019\/07\/2017-09-19_HohenloherZeitung-300x236.jpg 300w, https:\/\/stoll-kusterdingen.de\/HM_WP\/wordpress\/wp-content\/uploads\/2019\/07\/2017-09-19_HohenloherZeitung-768x605.jpg 768w, https:\/\/stoll-kusterdingen.de\/HM_WP\/wordpress\/wp-content\/uploads\/2019\/07\/2017-09-19_HohenloherZeitung-1024x806.jpg 1024w, https:\/\/stoll-kusterdingen.de\/HM_WP\/wordpress\/wp-content\/uploads\/2019\/07\/2017-09-19_HohenloherZeitung-640x504.jpg 640w, https:\/\/stoll-kusterdingen.de\/HM_WP\/wordpress\/wp-content\/uploads\/2019\/07\/2017-09-19_HohenloherZeitung.jpg 1603w\" sizes=\"auto, (max-width: 300px) 100vw, 300px\" \/><\/a><\/p>\n<p>2017-09-19: Hohenlohe Zeitung, Bericht \u00fcber Dylan-Songs bei<br \/>\nder Vernissage im &#8222;Gleis 1&#8220; in Waldenburg<\/p>\n<figure id=\"attachment_388\" aria-describedby=\"caption-attachment-388\" style=\"width: 300px\" class=\"wp-caption alignnone\"><a href=\"https:\/\/stoll-kusterdingen.de\/HM_WP\/wordpress\/wp-content\/uploads\/2017\/11\/GEA_2017-08-17.jpg\" target=\"_blank\" rel=\"noopener noreferrer\"><img loading=\"lazy\" decoding=\"async\" class=\"wp-image-388 size-medium\" src=\"https:\/\/stoll-kusterdingen.de\/HM_WP\/wordpress\/wp-content\/uploads\/2017\/11\/GEA_2017-08-17-300x230.jpg\" alt=\"\" width=\"300\" height=\"230\" \/><\/a><figcaption id=\"caption-attachment-388\" class=\"wp-caption-text\"><span style=\"color: #000000;\">2017-08-17: Reutlinger General-Anzeiger, Bericht \u00fcber Open-Air auf der Hutzel-Ranch des Reutlinger Country Club<\/span><\/figcaption><\/figure>\n<hr \/>\n<p><a style=\"font-weight: bold;\" href=\"https:\/\/stoll-kusterdingen.de\/HM_WP\/wordpress\/wp-content\/uploads\/2017\/11\/Tagblatt_2017-06-17.jpg\" target=\"_blank\" rel=\"noopener noreferrer\"><img loading=\"lazy\" decoding=\"async\" class=\"wp-image-385 size-medium\" src=\"https:\/\/stoll-kusterdingen.de\/HM_WP\/wordpress\/wp-content\/uploads\/2017\/11\/Tagblatt_2017-06-17-300x190.jpg\" alt=\"\" width=\"300\" height=\"190\" srcset=\"https:\/\/stoll-kusterdingen.de\/HM_WP\/wordpress\/wp-content\/uploads\/2017\/11\/Tagblatt_2017-06-17-300x190.jpg 300w, https:\/\/stoll-kusterdingen.de\/HM_WP\/wordpress\/wp-content\/uploads\/2017\/11\/Tagblatt_2017-06-17-768x486.jpg 768w, https:\/\/stoll-kusterdingen.de\/HM_WP\/wordpress\/wp-content\/uploads\/2017\/11\/Tagblatt_2017-06-17-1024x648.jpg 1024w, https:\/\/stoll-kusterdingen.de\/HM_WP\/wordpress\/wp-content\/uploads\/2017\/11\/Tagblatt_2017-06-17-640x405.jpg 640w, https:\/\/stoll-kusterdingen.de\/HM_WP\/wordpress\/wp-content\/uploads\/2017\/11\/Tagblatt_2017-06-17.jpg 1580w\" sizes=\"auto, (max-width: 300px) 100vw, 300px\" \/><\/a><\/p>\n<p><span style=\"color: #000000;\">2017-06-17: Schw\u00e4bisches Tagblatt T\u00fcbingen, Ank\u00fcndigung der 1. Kreativmeile Ergenzingen<\/span><\/p>\n<hr \/>\n<figure id=\"attachment_378\" aria-describedby=\"caption-attachment-378\" style=\"width: 201px\" class=\"wp-caption alignnone\"><a href=\"https:\/\/stoll-kusterdingen.de\/HM_WP\/wordpress\/wp-content\/uploads\/2017\/11\/Tagblatt_2017-04-04.jpg\" target=\"_blank\" rel=\"noopener noreferrer\"><img loading=\"lazy\" decoding=\"async\" class=\"wp-image-378 size-medium\" src=\"https:\/\/stoll-kusterdingen.de\/HM_WP\/wordpress\/wp-content\/uploads\/2017\/11\/Tagblatt_2017-04-04-201x300.jpg\" alt=\"\" width=\"201\" height=\"300\" srcset=\"https:\/\/stoll-kusterdingen.de\/HM_WP\/wordpress\/wp-content\/uploads\/2017\/11\/Tagblatt_2017-04-04-201x300.jpg 201w, https:\/\/stoll-kusterdingen.de\/HM_WP\/wordpress\/wp-content\/uploads\/2017\/11\/Tagblatt_2017-04-04-768x1148.jpg 768w, https:\/\/stoll-kusterdingen.de\/HM_WP\/wordpress\/wp-content\/uploads\/2017\/11\/Tagblatt_2017-04-04-685x1024.jpg 685w, https:\/\/stoll-kusterdingen.de\/HM_WP\/wordpress\/wp-content\/uploads\/2017\/11\/Tagblatt_2017-04-04-428x640.jpg 428w, https:\/\/stoll-kusterdingen.de\/HM_WP\/wordpress\/wp-content\/uploads\/2017\/11\/Tagblatt_2017-04-04.jpg 1285w\" sizes=\"auto, (max-width: 201px) 100vw, 201px\" \/><\/a><figcaption id=\"caption-attachment-378\" class=\"wp-caption-text\"><span style=\"color: #000000;\">2017-04-04: Schw\u00e4bisches Tagblatt T\u00fcbingen, Bericht \u00fcber &#8222;Mit Texashut und Nietenhosen&#8220;<\/span><\/figcaption><\/figure>\n<hr \/>\n<figure id=\"attachment_383\" aria-describedby=\"caption-attachment-383\" style=\"width: 265px\" class=\"wp-caption alignnone\"><a href=\"https:\/\/stoll-kusterdingen.de\/HM_WP\/wordpress\/wp-content\/uploads\/2017\/11\/GEA_2016-12-19_CountryChristmas.jpg\" target=\"_blank\" rel=\"noopener noreferrer\"><img loading=\"lazy\" decoding=\"async\" class=\"wp-image-383 size-medium\" src=\"https:\/\/stoll-kusterdingen.de\/HM_WP\/wordpress\/wp-content\/uploads\/2017\/11\/GEA_2016-12-19_CountryChristmas-265x300.jpg\" alt=\"\" width=\"265\" height=\"300\" srcset=\"https:\/\/stoll-kusterdingen.de\/HM_WP\/wordpress\/wp-content\/uploads\/2017\/11\/GEA_2016-12-19_CountryChristmas-265x300.jpg 265w, https:\/\/stoll-kusterdingen.de\/HM_WP\/wordpress\/wp-content\/uploads\/2017\/11\/GEA_2016-12-19_CountryChristmas-768x870.jpg 768w, https:\/\/stoll-kusterdingen.de\/HM_WP\/wordpress\/wp-content\/uploads\/2017\/11\/GEA_2016-12-19_CountryChristmas-904x1024.jpg 904w, https:\/\/stoll-kusterdingen.de\/HM_WP\/wordpress\/wp-content\/uploads\/2017\/11\/GEA_2016-12-19_CountryChristmas-565x640.jpg 565w\" sizes=\"auto, (max-width: 265px) 100vw, 265px\" \/><\/a><figcaption id=\"caption-attachment-383\" class=\"wp-caption-text\"><span style=\"color: #000000;\">2016-12-19: Reutlinger Generalanzeiger, Bericht \u00fcber Country Christmas<\/span><\/figcaption><\/figure>\n<hr \/>\n<figure id=\"attachment_380\" aria-describedby=\"caption-attachment-380\" style=\"width: 278px\" class=\"wp-caption alignnone\"><a href=\"https:\/\/stoll-kusterdingen.de\/HM_WP\/wordpress\/wp-content\/uploads\/2017\/11\/2016-06-28-Gaeubote.jpg\" target=\"_blank\" rel=\"noopener noreferrer\"><img loading=\"lazy\" decoding=\"async\" class=\"wp-image-380 size-medium\" src=\"https:\/\/stoll-kusterdingen.de\/HM_WP\/wordpress\/wp-content\/uploads\/2017\/11\/2016-06-28-Gaeubote-278x300.jpg\" alt=\"\" width=\"278\" height=\"300\" srcset=\"https:\/\/stoll-kusterdingen.de\/HM_WP\/wordpress\/wp-content\/uploads\/2017\/11\/2016-06-28-Gaeubote-278x300.jpg 278w, https:\/\/stoll-kusterdingen.de\/HM_WP\/wordpress\/wp-content\/uploads\/2017\/11\/2016-06-28-Gaeubote-768x828.jpg 768w, https:\/\/stoll-kusterdingen.de\/HM_WP\/wordpress\/wp-content\/uploads\/2017\/11\/2016-06-28-Gaeubote-949x1024.jpg 949w, https:\/\/stoll-kusterdingen.de\/HM_WP\/wordpress\/wp-content\/uploads\/2017\/11\/2016-06-28-Gaeubote-593x640.jpg 593w, https:\/\/stoll-kusterdingen.de\/HM_WP\/wordpress\/wp-content\/uploads\/2017\/11\/2016-06-28-Gaeubote.jpg 1208w\" sizes=\"auto, (max-width: 278px) 100vw, 278px\" \/><\/a><figcaption id=\"caption-attachment-380\" class=\"wp-caption-text\">2016-06-28: G\u00e4ubote Herrenberg, Bericht \u00fcber 10-j\u00e4hriges Jubil\u00e4um der Zeit-Tausch-B\u00f6rse<\/figcaption><\/figure>\n<hr \/>\n<figure id=\"attachment_387\" aria-describedby=\"caption-attachment-387\" style=\"width: 300px\" class=\"wp-caption alignnone\"><a href=\"https:\/\/stoll-kusterdingen.de\/HM_WP\/wordpress\/wp-content\/uploads\/2017\/11\/GEA_2015-12-23.jpg\" target=\"_blank\" rel=\"noopener noreferrer\"><img loading=\"lazy\" decoding=\"async\" class=\"wp-image-387 size-medium\" src=\"https:\/\/stoll-kusterdingen.de\/HM_WP\/wordpress\/wp-content\/uploads\/2017\/11\/GEA_2015-12-23-300x236.jpg\" alt=\"\" width=\"300\" height=\"236\" srcset=\"https:\/\/stoll-kusterdingen.de\/HM_WP\/wordpress\/wp-content\/uploads\/2017\/11\/GEA_2015-12-23-300x236.jpg 300w, https:\/\/stoll-kusterdingen.de\/HM_WP\/wordpress\/wp-content\/uploads\/2017\/11\/GEA_2015-12-23-768x605.jpg 768w, https:\/\/stoll-kusterdingen.de\/HM_WP\/wordpress\/wp-content\/uploads\/2017\/11\/GEA_2015-12-23-1024x806.jpg 1024w, https:\/\/stoll-kusterdingen.de\/HM_WP\/wordpress\/wp-content\/uploads\/2017\/11\/GEA_2015-12-23-640x504.jpg 640w, https:\/\/stoll-kusterdingen.de\/HM_WP\/wordpress\/wp-content\/uploads\/2017\/11\/GEA_2015-12-23.jpg 1567w\" sizes=\"auto, (max-width: 300px) 100vw, 300px\" \/><\/a><figcaption id=\"caption-attachment-387\" class=\"wp-caption-text\">2015-12-23: Reutlinger General-Anzeiger, Bericht \u00fcber Country Christmas<\/figcaption><\/figure>\n<hr \/>\n<figure id=\"attachment_381\" aria-describedby=\"caption-attachment-381\" style=\"width: 251px\" class=\"wp-caption alignnone\"><a href=\"https:\/\/stoll-kusterdingen.de\/HM_WP\/wordpress\/wp-content\/uploads\/2017\/11\/Tagblatt_2014-12-12.jpg\" target=\"_blank\" rel=\"noopener noreferrer\"><img loading=\"lazy\" decoding=\"async\" class=\"wp-image-381 size-medium\" src=\"https:\/\/stoll-kusterdingen.de\/HM_WP\/wordpress\/wp-content\/uploads\/2017\/11\/Tagblatt_2014-12-12-251x300.jpg\" alt=\"\" width=\"251\" height=\"300\" srcset=\"https:\/\/stoll-kusterdingen.de\/HM_WP\/wordpress\/wp-content\/uploads\/2017\/11\/Tagblatt_2014-12-12-251x300.jpg 251w, https:\/\/stoll-kusterdingen.de\/HM_WP\/wordpress\/wp-content\/uploads\/2017\/11\/Tagblatt_2014-12-12-768x918.jpg 768w, https:\/\/stoll-kusterdingen.de\/HM_WP\/wordpress\/wp-content\/uploads\/2017\/11\/Tagblatt_2014-12-12-856x1024.jpg 856w, https:\/\/stoll-kusterdingen.de\/HM_WP\/wordpress\/wp-content\/uploads\/2017\/11\/Tagblatt_2014-12-12-535x640.jpg 535w, https:\/\/stoll-kusterdingen.de\/HM_WP\/wordpress\/wp-content\/uploads\/2017\/11\/Tagblatt_2014-12-12.jpg 1920w\" sizes=\"auto, (max-width: 251px) 100vw, 251px\" \/><\/a><figcaption id=\"caption-attachment-381\" class=\"wp-caption-text\">2014-12-12: Schw\u00e4bisches Tagblatt T\u00fcbingen, Bericht \u00fcber Country Christmas 2014<\/figcaption><\/figure>\n<hr \/>\n<figure id=\"attachment_400\" aria-describedby=\"caption-attachment-400\" style=\"width: 291px\" class=\"wp-caption alignnone\"><a href=\"https:\/\/stoll-kusterdingen.de\/HM_WP\/wordpress\/wp-content\/uploads\/2017\/11\/GEA_2012-10-23.jpg\" target=\"_blank\" rel=\"noopener noreferrer\"><img loading=\"lazy\" decoding=\"async\" class=\"wp-image-400 size-medium\" src=\"https:\/\/stoll-kusterdingen.de\/HM_WP\/wordpress\/wp-content\/uploads\/2017\/11\/GEA_2012-10-23-291x300.jpg\" alt=\"\" width=\"291\" height=\"300\" srcset=\"https:\/\/stoll-kusterdingen.de\/HM_WP\/wordpress\/wp-content\/uploads\/2017\/11\/GEA_2012-10-23-291x300.jpg 291w, https:\/\/stoll-kusterdingen.de\/HM_WP\/wordpress\/wp-content\/uploads\/2017\/11\/GEA_2012-10-23-768x793.jpg 768w, https:\/\/stoll-kusterdingen.de\/HM_WP\/wordpress\/wp-content\/uploads\/2017\/11\/GEA_2012-10-23-992x1024.jpg 992w, https:\/\/stoll-kusterdingen.de\/HM_WP\/wordpress\/wp-content\/uploads\/2017\/11\/GEA_2012-10-23-620x640.jpg 620w\" sizes=\"auto, (max-width: 291px) 100vw, 291px\" \/><\/a><figcaption id=\"caption-attachment-400\" class=\"wp-caption-text\">2012-10-23: Reutlinger General-Anzeiger, Bericht \u00fcber die Premiere des Programms &#8222;Three Chords &amp; The Truth &#8211; eine Zeitreise durch die Country-Musik&#8220;<\/figcaption><\/figure>\n","protected":false},"excerpt":{"rendered":"<p>Die Bildchen lassen sich durch Anklicken vergr\u00f6\u00dfern! 2021-06-09: Tagblatt-Anzeiger T\u00fcbingen, &#8222;Kultur auf dem Quartiersplatz&#8220; 2020-09-01: Albbote M\u00fcnsingen, Auftaktveranstaltung zu &#8222;kleinKunst im Albgut&#8220; 2019-11-18: Ludwigsburger Kreiszeitung (Neckar-Enz-Bote), Open Stage im Wartesaal Besigheim 2019-11-04: Reutlinger Generalanzeiger, Programm &#8222;Cowboy Church&#8220; in der Marienkirche Kusterdingen 2018-11-10: Schw\u00e4bische Zeitung Riedlingen, Programm &#8222;Mit Texashut und Nietenhosen&#8220; im ZfP Zwiefalten 2018-10-22: Reutlinger [&hellip;]<\/p>\n","protected":false},"author":1,"featured_media":0,"parent":0,"menu_order":0,"comment_status":"closed","ping_status":"closed","template":"","meta":{"footnotes":""},"class_list":["post-375","page","type-page","status-publish","hentry"],"_links":{"self":[{"href":"https:\/\/stoll-kusterdingen.de\/HM_WP\/wordpress\/wp-json\/wp\/v2\/pages\/375","targetHints":{"allow":["GET"]}}],"collection":[{"href":"https:\/\/stoll-kusterdingen.de\/HM_WP\/wordpress\/wp-json\/wp\/v2\/pages"}],"about":[{"href":"https:\/\/stoll-kusterdingen.de\/HM_WP\/wordpress\/wp-json\/wp\/v2\/types\/page"}],"author":[{"embeddable":true,"href":"https:\/\/stoll-kusterdingen.de\/HM_WP\/wordpress\/wp-json\/wp\/v2\/users\/1"}],"replies":[{"embeddable":true,"href":"https:\/\/stoll-kusterdingen.de\/HM_WP\/wordpress\/wp-json\/wp\/v2\/comments?post=375"}],"version-history":[{"count":16,"href":"https:\/\/stoll-kusterdingen.de\/HM_WP\/wordpress\/wp-json\/wp\/v2\/pages\/375\/revisions"}],"predecessor-version":[{"id":876,"href":"https:\/\/stoll-kusterdingen.de\/HM_WP\/wordpress\/wp-json\/wp\/v2\/pages\/375\/revisions\/876"}],"wp:attachment":[{"href":"https:\/\/stoll-kusterdingen.de\/HM_WP\/wordpress\/wp-json\/wp\/v2\/media?parent=375"}],"curies":[{"name":"wp","href":"https:\/\/api.w.org\/{rel}","templated":true}]}}